{"id":7412,"date":"2021-03-18T07:56:15","date_gmt":"2021-03-18T06:56:15","guid":{"rendered":"https:\/\/www.hotel-tirolerhof.bz.it\/?page_id=7412"},"modified":"2021-03-18T07:57:27","modified_gmt":"2021-03-18T06:57:27","slug":"cookies","status":"publish","type":"page","link":"https:\/\/www.hotel-tirolerhof.bz.it\/de\/cookies\/","title":{"rendered":"Cookies"},"content":{"rendered":"\t\t<div data-elementor-type=\"wp-page\" data-elementor-id=\"7412\" class=\"elementor elementor-7412\" data-elementor-post-type=\"page\">\n\t\t\t\t\t\t<section data-particle_enable=\"false\" data-particle-mobile-disabled=\"false\" class=\"elementor-section elementor-top-section elementor-element elementor-element-1c6532b1 elementor-section-height-min-height elementor-section-items-bottom elementor-section-content-top elementor-section-stretched elementor-section-boxed elementor-section-height-default\" data-id=\"1c6532b1\" data-element_type=\"section\" data-e-type=\"section\" data-settings=\"{&quot;background_background&quot;:&quot;slideshow&quot;,&quot;shape_divider_bottom&quot;:&quot;pyramids&quot;,&quot;background_slideshow_gallery&quot;:[{&quot;id&quot;:2205,&quot;url&quot;:&quot;https:\\\/\\\/www.hotel-tirolerhof.bz.it\\\/wp-content\\\/uploads\\\/2019\\\/09\\\/DSC_1376.jpg&quot;}],&quot;background_slideshow_transition_duration&quot;:1000,&quot;stretch_section&quot;:&quot;section-stretched&quot;,&quot;background_slideshow_loop&quot;:&quot;yes&quot;,&quot;background_slideshow_slide_duration&quot;:5000,&quot;background_slideshow_slide_transition&quot;:&quot;fade&quot;}\">\n\t\t\t\t\t\t\t<div class=\"elementor-background-overlay\"><\/div>\n\t\t\t\t\t\t<div class=\"elementor-shape elementor-shape-bottom\" aria-hidden=\"true\" data-negative=\"false\">\n\t\t\t<svg xmlns=\"http:\/\/www.w3.org\/2000\/svg\" viewBox=\"0 0 1000 100\" preserveAspectRatio=\"none\">\n\t<path class=\"elementor-shape-fill\" d=\"M761.9,44.1L643.1,27.2L333.8,98L0,3.8V0l1000,0v3.9\"\/>\n<\/svg>\t\t<\/div>\n\t\t\t\t\t<div class=\"elementor-container elementor-column-gap-no\">\n\t\t\t\t\t<div class=\"elementor-column elementor-col-25 elementor-top-column elementor-element elementor-element-35aa3832\" data-id=\"35aa3832\" data-element_type=\"column\" data-e-type=\"column\">\n\t\t\t<div class=\"elementor-widget-wrap\">\n\t\t\t\t\t\t\t<\/div>\n\t\t<\/div>\n\t\t\t\t<div class=\"elementor-column elementor-col-50 elementor-top-column elementor-element elementor-element-286f7ed3\" data-id=\"286f7ed3\" data-element_type=\"column\" data-e-type=\"column\" data-settings=\"{&quot;background_background&quot;:&quot;classic&quot;}\">\n\t\t\t<div class=\"elementor-widget-wrap elementor-element-populated\">\n\t\t\t\t\t\t<div class=\"elementor-element elementor-element-286b8574 elementor-widget elementor-widget-spacer\" data-id=\"286b8574\" data-element_type=\"widget\" data-e-type=\"widget\" data-widget_type=\"spacer.default\">\n\t\t\t\t<div class=\"elementor-widget-container\">\n\t\t\t\t\t\t\t<div class=\"elementor-spacer\">\n\t\t\t<div class=\"elementor-spacer-inner\"><\/div>\n\t\t<\/div>\n\t\t\t\t\t\t<\/div>\n\t\t\t\t<\/div>\n\t\t\t\t<div class=\"elementor-element elementor-element-62c568d6 elementor-widget elementor-widget-heading\" data-id=\"62c568d6\" data-element_type=\"widget\" data-e-type=\"widget\" data-widget_type=\"heading.default\">\n\t\t\t\t<div class=\"elementor-widget-container\">\n\t\t\t\t\t<h2 class=\"elementor-heading-title elementor-size-default\">Cookies<\/h2>\t\t\t\t<\/div>\n\t\t\t\t<\/div>\n\t\t\t\t<div class=\"elementor-element elementor-element-74e6a0a2 elementor-widget elementor-widget-spacer\" data-id=\"74e6a0a2\" data-element_type=\"widget\" data-e-type=\"widget\" data-widget_type=\"spacer.default\">\n\t\t\t\t<div class=\"elementor-widget-container\">\n\t\t\t\t\t\t\t<div class=\"elementor-spacer\">\n\t\t\t<div class=\"elementor-spacer-inner\"><\/div>\n\t\t<\/div>\n\t\t\t\t\t\t<\/div>\n\t\t\t\t<\/div>\n\t\t\t\t<div class=\"elementor-element elementor-element-2c5f6f06 elementor-widget elementor-widget-heading\" data-id=\"2c5f6f06\" data-element_type=\"widget\" data-e-type=\"widget\" data-widget_type=\"heading.default\">\n\t\t\t\t<div class=\"elementor-widget-container\">\n\t\t\t\t\t<h2 class=\"elementor-heading-title elementor-size-default\">Cookies<\/h2>\t\t\t\t<\/div>\n\t\t\t\t<\/div>\n\t\t\t\t<div class=\"elementor-element elementor-element-25256140 elementor-widget elementor-widget-spacer\" data-id=\"25256140\" data-element_type=\"widget\" data-e-type=\"widget\" data-widget_type=\"spacer.default\">\n\t\t\t\t<div class=\"elementor-widget-container\">\n\t\t\t\t\t\t\t<div class=\"elementor-spacer\">\n\t\t\t<div class=\"elementor-spacer-inner\"><\/div>\n\t\t<\/div>\n\t\t\t\t\t\t<\/div>\n\t\t\t\t<\/div>\n\t\t\t\t\t<\/div>\n\t\t<\/div>\n\t\t\t\t<div class=\"elementor-column elementor-col-25 elementor-top-column elementor-element elementor-element-105aac86\" data-id=\"105aac86\" data-element_type=\"column\" data-e-type=\"column\">\n\t\t\t<div class=\"elementor-widget-wrap\">\n\t\t\t\t\t\t\t<\/div>\n\t\t<\/div>\n\t\t\t\t\t<\/div>\n\t\t<\/section>\n\t\t\t\t<section data-particle_enable=\"false\" data-particle-mobile-disabled=\"false\" class=\"elementor-section elementor-top-section elementor-element elementor-element-378114bc elementor-section-full_width elementor-section-stretched elementor-section-height-default elementor-section-height-default\" data-id=\"378114bc\" data-element_type=\"section\" data-e-type=\"section\" data-settings=\"{&quot;background_background&quot;:&quot;classic&quot;,&quot;stretch_section&quot;:&quot;section-stretched&quot;}\">\n\t\t\t\t\t\t\t<div class=\"elementor-background-overlay\"><\/div>\n\t\t\t\t\t\t\t<div class=\"elementor-container elementor-column-gap-default\">\n\t\t\t\t\t<div class=\"elementor-column elementor-col-100 elementor-top-column elementor-element elementor-element-2a52702d\" data-id=\"2a52702d\" data-element_type=\"column\" data-e-type=\"column\">\n\t\t\t<div class=\"elementor-widget-wrap elementor-element-populated\">\n\t\t\t\t\t\t<div class=\"elementor-element elementor-element-3efb00a0 elementor-widget elementor-widget-spacer\" data-id=\"3efb00a0\" data-element_type=\"widget\" data-e-type=\"widget\" data-widget_type=\"spacer.default\">\n\t\t\t\t<div class=\"elementor-widget-container\">\n\t\t\t\t\t\t\t<div class=\"elementor-spacer\">\n\t\t\t<div class=\"elementor-spacer-inner\"><\/div>\n\t\t<\/div>\n\t\t\t\t\t\t<\/div>\n\t\t\t\t<\/div>\n\t\t\t\t\t<\/div>\n\t\t<\/div>\n\t\t\t\t\t<\/div>\n\t\t<\/section>\n\t\t\t\t<section data-particle_enable=\"false\" data-particle-mobile-disabled=\"false\" class=\"elementor-section elementor-top-section elementor-element elementor-element-4bd74952 elementor-section-full_width elementor-section-stretched elementor-section-height-default elementor-section-height-default\" data-id=\"4bd74952\" data-element_type=\"section\" data-e-type=\"section\" data-settings=\"{&quot;shape_divider_top&quot;:&quot;pyramids&quot;,&quot;stretch_section&quot;:&quot;section-stretched&quot;}\">\n\t\t\t\t\t<div class=\"elementor-shape elementor-shape-top\" aria-hidden=\"true\" data-negative=\"false\">\n\t\t\t<svg xmlns=\"http:\/\/www.w3.org\/2000\/svg\" viewBox=\"0 0 1000 100\" preserveAspectRatio=\"none\">\n\t<path class=\"elementor-shape-fill\" d=\"M761.9,44.1L643.1,27.2L333.8,98L0,3.8V0l1000,0v3.9\"\/>\n<\/svg>\t\t<\/div>\n\t\t\t\t\t<div class=\"elementor-container elementor-column-gap-default\">\n\t\t\t\t\t<div class=\"elementor-column elementor-col-100 elementor-top-column elementor-element elementor-element-4197972e\" data-id=\"4197972e\" data-element_type=\"column\" data-e-type=\"column\">\n\t\t\t<div class=\"elementor-widget-wrap elementor-element-populated\">\n\t\t\t\t\t\t<div class=\"elementor-element elementor-element-25d1182 elementor-widget elementor-widget-spacer\" data-id=\"25d1182\" data-element_type=\"widget\" data-e-type=\"widget\" data-widget_type=\"spacer.default\">\n\t\t\t\t<div class=\"elementor-widget-container\">\n\t\t\t\t\t\t\t<div class=\"elementor-spacer\">\n\t\t\t<div class=\"elementor-spacer-inner\"><\/div>\n\t\t<\/div>\n\t\t\t\t\t\t<\/div>\n\t\t\t\t<\/div>\n\t\t\t\t\t<\/div>\n\t\t<\/div>\n\t\t\t\t\t<\/div>\n\t\t<\/section>\n\t\t\t\t<section data-particle_enable=\"false\" data-particle-mobile-disabled=\"false\" class=\"elementor-section elementor-top-section elementor-element elementor-element-fd45bbc elementor-reverse-mobile elementor-section-boxed elementor-section-height-default elementor-section-height-default\" data-id=\"fd45bbc\" data-element_type=\"section\" data-e-type=\"section\">\n\t\t\t\t\t\t<div class=\"elementor-container elementor-column-gap-no\">\n\t\t\t\t\t<div class=\"elementor-column elementor-col-100 elementor-top-column elementor-element elementor-element-4d81ae8c\" data-id=\"4d81ae8c\" data-element_type=\"column\" data-e-type=\"column\" data-settings=\"{&quot;background_background&quot;:&quot;classic&quot;}\">\n\t\t\t<div class=\"elementor-widget-wrap elementor-element-populated\">\n\t\t\t\t\t\t<div class=\"elementor-element elementor-element-3d4c6642 elementor-widget elementor-widget-text-editor\" data-id=\"3d4c6642\" data-element_type=\"widget\" data-e-type=\"widget\" data-widget_type=\"text-editor.default\">\n\t\t\t\t<div class=\"elementor-widget-container\">\n\t\t\t\t\t\t\t\t\t<p><strong><b>Was sind Cookies?<\/b><\/strong><\/p><p>Cookies sind Textdateien, die von der besuchten Website erstellt und auf Ihrem Computer gespeichert werden. Kehrt ein Nutzer auf die besuchte Website zur\u00fcck, ruft der Browser die gespeicherten Cookies ab und sendet sie an den Server.<\/p><p>Cookies erm\u00f6glichen den Zugriff auf unterschiedliche Website-Funktionen, um Besuchern die bestm\u00f6gliche Nutzererfahrung zu gew\u00e4hrleisten. Dar\u00fcber hinaus geben sie Website-Betreibern Auskunft dar\u00fcber, auf welche Art und Weise bestimmte Besucher bestimmte Inhalte nutzen.<\/p><p>Unter Ber\u00fccksichtigung und Einhaltung der Bestimmung Nr. 229 der Datenschutzbeh\u00f6rde vom 8. Mai 2014 informiert SiMedia \u00fcber Cookies, ihre Funktionen und eine eventuelle Deaktivierung letzterer.<\/p><p>Im folgenden Abschnitt listen wir die Makrokategorien von Cookies, welche sich in ihren Eigenschaften und Funktionen unterscheiden:<\/p><ol><li><strong><b>Die technischen Cookies unterteilen wir wiederum in drei Gruppen:<\/b><\/strong><\/li><\/ol><ol><li>a) Notwendige Cookies<br \/>Diese Art von Cookies erlaubt Ihnen die Navigation auf der Website und die Nutzung der wichtigsten Funktionen. Die Installation dieser Cookies erfolgt in der Regel nach einer Anfrage auf der Website. Als Anfrage kann z. B. eine beliebige Anmeldung gesehen werden. Diese Cookies sind f\u00fcr die Nutzung dieser Website unerl\u00e4sslich.<br \/>b) Funktionscookies<br \/>Diese Art von Cookies werden verwendet, um Sie zu wiederzuerkennen, wenn Sie auf unsere Website zur\u00fcckkehren. Sie erm\u00f6glichen es uns, Ihnen ein besseres Erlebnis auf unserer Website zu gew\u00e4hrleisten. Somit k\u00f6nnen wir Sie beispielsweise mit Ihrem Namen begr\u00fc\u00dfen, uns Ihre Sprache und\/oder Region merken. Diese Cookies sammeln lediglich anonyme Informationen und speichern Ihre Aktionen auf dieser Website nicht auf anderen Websites.<br \/>c) Leistungs- und Performance Cookies<br \/>Mithilfe von Analyse &#8211; und Performance- Cookies k\u00f6nnen wir Informationen \u00fcber das Verhalten der Nutzer auf der Webseite sammeln. Somit haben wir die M\u00f6glichkeit, die Ladezeit, das Verhalten bei unterschiedlichen Browser-Typen zu messen und eventuelle Fehler zu erkennen. Dies hilft uns, die Funktionsweise der Website zu optimieren. Wir verwenden auch analytische Cookies von Drittanbietern, um Informationen \u00fcber die Anzahl der Nutzer und Anzahl der aufgerufenen Websites zu erhalten (z.B. Google AdWords). Hier m\u00f6chten wir auf die Richtlinien des jeweiligen Anbieters hinweisen.<\/li><\/ol><p>Die Verwendung notwendiger Cookies, Funktionscookies, Leistungs-und Performance Cookies bedarf Ihrer Zustimmung nicht, da sie als &#8222;technische Cookies&#8220; betrachtet werden. In jedem Fall k\u00f6nnen Sie Ihren Browser jederzeit so einstellen, dass diese Cookies mit den unten angegebenen Browsereinstellungen deaktiviert werden. Wenn die technischen Cookies deaktiviert sind, k\u00f6nnen bestimmte Funktionen der Website nicht garantiert werden.<\/p><ol><li>Navigations- und Nutzungscookies werden verwendet, um die normale Navigation und Nutzung der Website zu gew\u00e4hrleisten.<\/li><li><strong><b>Werbe -Cookies und Profilierung<\/b><\/strong><\/li><\/ol><p>Diese Art von Cookies (Werbe- und ReTargeting-Cookies) speichern Ihren Besuch auf dieser Website, speichern ebenfalls die weiteren von Ihnen aufgerufenen Webseites und die von Ihnen angeklickten Verlinkungen. Wir verwenden diese Informationen, um Werbeanzeigen auf Ihre Interessen anzupassen. Informationen dieser Art werden u. A. daf\u00fcr verwendet, die H\u00e4ufigkeit der Anzeigen zu definieren und die Effektivit\u00e4t einer Werbekampagne zu messen. F\u00fcr diesen Zweck k\u00f6nnen diese Informationen an Dritte (z. B. Werbetreibende) weitergegeben werden.<\/p><p>Der Nutzer wird darauf hingewiesen, dass die Website auch Cookies von Drittanbietern sendet. Cookies von Drittanbietern k\u00f6nnen entweder direkt von Gesch\u00e4ftspartnern, mit welchen wir Vereinbarungen abgeschlossen haben, oder von Dritten, wo wir lediglich als Intermedi\u00e4r dienen und entsprechend nur eine indirekte Kooperation f\u00fchren, installiert werden.<\/p><p>Diese Website verwendet technische Cookies. Diese Art von Cookies erlauben dem Benutzer das Surfen auf einer Website oder die Anwendung und Benutzung der verschiedenen darauf befindlichen Funktionen. Sie bieten zum Beispiel die M\u00f6glichkeit, die Sprache der Website Ihrem Standort anzupassen.<\/p><p>Auf dieser Website kommt zudem ein Google Analytics Cookie zum Einsatz. Dieses Cookie dient statistischen Auswertungen (Erhebung von Besucherzahlen, Erkennung des Browser-Typs usw.). Auch dieses Cookie enth\u00e4lt ausschlie\u00dflich verschl\u00fcsselte Daten und keine personenbezogenen Informationen. Sollten Sie sich dennoch gegen die Speicherung dieses Cookies aussprechen, so k\u00f6nnen Sie sich hier das entsprechende Browser-Add-on zur Deaktivierung von Google Analytics herunterladen:<a href=\"https:\/\/tools.google.com\/dlpage\/gaoptout\">https:\/\/tools.google.com\/dlpage\/gaoptout<\/a>.<\/p><p>Die auf der Website verwendeten Cookies enthalten ausschlie\u00dflich verschl\u00fcsselte Daten und keine personenbezogenen Informationen.<\/p><p><strong><b>Cookies deaktivieren<\/b><\/strong><\/p><p>Wie vom Gesetzgeber vorgeschrieben, teilen wir Website-Besuchern ausdr\u00fccklich mit, dass auf der besuchten Website Cookies zum Einsatz kommen. Bitte beachten Sie, dass die meisten Browser Cookies automatisch akzeptieren. Sollten Sie mit dem Einsatz von Cookies nicht einverstanden sein, so k\u00f6nnen bzw. m\u00fcssen Sie diese selbst aktiv l\u00f6schen und\/oder deaktivieren. Hierf\u00fcr bedarf es spezieller Browser-Einstellungen. Wie Sie die Cookie-Einstellungen Ihres Browsers \u00e4ndern k\u00f6nnen, das zeigen wir Ihnen nachstehend. Bitte ber\u00fccksichtigen Sie, dass Sie durch eventuelles Deaktivieren von Cookies nicht alle Funktionen dieser Website in vollem Umfang nutzen k\u00f6nnen.<\/p><p><strong><b>Chrome:<\/b><\/strong><\/p><ol><li>\u00d6ffnen Sie Chrome<\/li><li>Klicken Sie auf die Men\u00fcschaltfl\u00e4che<\/li><li>Klicken Sie auf &#8222;Einstellungen&#8220;<\/li><li>Klicken Sie auf &#8222;Erweiterte Einstellungen anzeigen&#8220;<\/li><li>Klicken Sie im Bereich &#8222;Datenschutz&#8220; auf &#8222;Inhaltseinstellungen&#8220;<\/li><li>Im Bereich &#8222;Cookies&#8220; k\u00f6nnen Sie nun die Cookies l\u00f6schen oder blockieren<\/li><li>Klicken Sie auf \u201eFertig\u201c<\/li><\/ol><p>Weitere Infos finden Sie hier:\u00a0<a href=\"https:\/\/support.google.com\/chrome\/answer\/95647?hl=de\">https:\/\/support.google.com\/chrome\/answer\/95647?hl=de<\/a><\/p><p><strong><b>Internet Explorer:<\/b><\/strong><\/p><ol><li>\u00d6ffnen Sie Internet Explorer<\/li><li>Klicken Sie auf &#8222;Extras&#8220;<\/li><li>Klicken Sie auf &#8222;Internetoptionen&#8220;<\/li><li>Klicken Sie auf &#8222;Datenschutz&#8220;<\/li><li>\u00a0Bewegen Sie nun den Schieberegler auf das Datenschutzniveau, das Sie w\u00fcnschen (um alle Cookies zu blockieren: nach ganz oben; um alle Cookies zuzulassen: nach ganz unten)<\/li><li>Klicken Sie auf \u201eOK\u201c<\/li><\/ol><p>Weitere Infos finden Sie hier:\u00a0<a href=\"https:\/\/support.microsoft.com\/de-de\/help\/17442\/windows-internet-explorer-delete-manage-cookies\">https:\/\/support.microsoft.com\/de-de\/help\/17442\/windows-internet-explorer-delete-manage-cookies<\/a><\/p><p><strong><b>Firefox:<\/b><\/strong><\/p><ol><li>\u00d6ffnen Sie Firefox<\/li><li>Klicken Sie auf die Men\u00fcschaltfl\u00e4che<\/li><li>\u00a0Klicken Sie auf \u201eEinstellungen\u201c<\/li><li>W\u00e4hlen Sie die Registerkarte &#8222;Datenschutz&#8220;<\/li><li>Im Bereich \u201eChronik\u201c w\u00e4hlen Sie in der Auswahlliste den Punkt: \u201enach benutzerdefinierten Einstellungen anlegen\u201c<\/li><li>Entfernen Sie das H\u00e4kchen bei \u201eCookies akzeptieren\u201c<\/li><li>Klicken Sie auf \u201eOK\u201c<\/li><\/ol><p>Weitere Infos finden Sie hier:\u00a0<a href=\"https:\/\/support.mozilla.org\/de\/kb\/cookies-erlauben-und-ablehnen\">https:\/\/support.mozilla.org\/de\/kb\/cookies-erlauben-und-ablehnen<\/a><\/p><p><strong><b>Safari:<\/b><\/strong><\/p><ol><li>\u00d6ffnen Sie Safari<\/li><li>Klicken Sei auf &#8222;Einstellungen&#8220;<\/li><li>Klicken Sie auf &#8222;Datenschutz&#8220;<\/li><li>Im Bereich &#8222;Cookies akzeptieren&#8220; definieren Sie, wie Safari mit Cookies umgehen soll<\/li><li>Klicken Sie auf \u201eCookies anzeigen\u201c, um weitere Informationen \u00fcber jene Cookies zu erhalten, die auf Ihrem Computer gespeichert werden<\/li><\/ol><p>\u00a0<\/p>\t\t\t\t\t\t\t\t<\/div>\n\t\t\t\t<\/div>\n\t\t\t\t\t<\/div>\n\t\t<\/div>\n\t\t\t\t\t<\/div>\n\t\t<\/section>\n\t\t\t\t<section data-particle_enable=\"false\" data-particle-mobile-disabled=\"false\" class=\"elementor-section elementor-top-section elementor-element elementor-element-223ac3e1 elementor-section-boxed elementor-section-height-default elementor-section-height-default\" data-id=\"223ac3e1\" data-element_type=\"section\" data-e-type=\"section\" data-settings=\"{&quot;shape_divider_bottom&quot;:&quot;pyramids&quot;}\">\n\t\t\t\t\t<div class=\"elementor-shape elementor-shape-bottom\" aria-hidden=\"true\" data-negative=\"false\">\n\t\t\t<svg xmlns=\"http:\/\/www.w3.org\/2000\/svg\" viewBox=\"0 0 1000 100\" preserveAspectRatio=\"none\">\n\t<path class=\"elementor-shape-fill\" d=\"M761.9,44.1L643.1,27.2L333.8,98L0,3.8V0l1000,0v3.9\"\/>\n<\/svg>\t\t<\/div>\n\t\t\t\t\t<div class=\"elementor-container elementor-column-gap-default\">\n\t\t\t\t\t<div class=\"elementor-column elementor-col-100 elementor-top-column elementor-element elementor-element-768e7cfb\" data-id=\"768e7cfb\" data-element_type=\"column\" data-e-type=\"column\">\n\t\t\t<div class=\"elementor-widget-wrap elementor-element-populated\">\n\t\t\t\t\t\t<div class=\"elementor-element elementor-element-2092e13a elementor-widget elementor-widget-spacer\" data-id=\"2092e13a\" data-element_type=\"widget\" data-e-type=\"widget\" data-widget_type=\"spacer.default\">\n\t\t\t\t<div class=\"elementor-widget-container\">\n\t\t\t\t\t\t\t<div class=\"elementor-spacer\">\n\t\t\t<div class=\"elementor-spacer-inner\"><\/div>\n\t\t<\/div>\n\t\t\t\t\t\t<\/div>\n\t\t\t\t<\/div>\n\t\t\t\t\t<\/div>\n\t\t<\/div>\n\t\t\t\t\t<\/div>\n\t\t<\/section>\n\t\t\t\t<section data-particle_enable=\"false\" data-particle-mobile-disabled=\"false\" class=\"elementor-section elementor-top-section elementor-element elementor-element-46725b1d elementor-section-stretched elementor-section-boxed elementor-section-height-default elementor-section-height-default\" data-id=\"46725b1d\" data-element_type=\"section\" data-e-type=\"section\" data-settings=\"{&quot;stretch_section&quot;:&quot;section-stretched&quot;,&quot;background_background&quot;:&quot;classic&quot;,&quot;shape_divider_top&quot;:&quot;pyramids&quot;}\">\n\t\t\t\t\t<div class=\"elementor-shape elementor-shape-top\" aria-hidden=\"true\" data-negative=\"false\">\n\t\t\t<svg xmlns=\"http:\/\/www.w3.org\/2000\/svg\" viewBox=\"0 0 1000 100\" preserveAspectRatio=\"none\">\n\t<path class=\"elementor-shape-fill\" d=\"M761.9,44.1L643.1,27.2L333.8,98L0,3.8V0l1000,0v3.9\"\/>\n<\/svg>\t\t<\/div>\n\t\t\t\t\t<div class=\"elementor-container elementor-column-gap-default\">\n\t\t\t\t\t<div class=\"elementor-column elementor-col-100 elementor-top-column elementor-element elementor-element-503f806a\" data-id=\"503f806a\" data-element_type=\"column\" data-e-type=\"column\">\n\t\t\t<div class=\"elementor-widget-wrap\">\n\t\t\t\t\t\t\t<\/div>\n\t\t<\/div>\n\t\t\t\t\t<\/div>\n\t\t<\/section>\n\t\t\t\t<\/div>\n\t\t","protected":false},"excerpt":{"rendered":"<p>Cookies Cookies Was sind Cookies? Cookies sind Textdateien, die von der besuchten Website erstellt und auf Ihrem Computer gespeichert werden. Kehrt ein Nutzer auf die besuchte Website zur\u00fcck, ruft der Browser die gespeicherten Cookies ab und sendet sie an den Server. Cookies erm\u00f6glichen den Zugriff auf unterschiedliche Website-Funktionen, um Besuchern die bestm\u00f6gliche Nutzererfahrung zu gew\u00e4hrleisten. [&hellip;]<\/p>\n","protected":false},"author":1,"featured_media":0,"parent":0,"menu_order":0,"comment_status":"closed","ping_status":"closed","template":"elementor_header_footer","meta":{"footnotes":""},"class_list":["post-7412","page","type-page","status-publish","hentry"],"aioseo_notices":[],"jetpack_sharing_enabled":true,"_links":{"self":[{"href":"https:\/\/www.hotel-tirolerhof.bz.it\/de\/wp-json\/wp\/v2\/pages\/7412","targetHints":{"allow":["GET"]}}],"collection":[{"href":"https:\/\/www.hotel-tirolerhof.bz.it\/de\/wp-json\/wp\/v2\/pages"}],"about":[{"href":"https:\/\/www.hotel-tirolerhof.bz.it\/de\/wp-json\/wp\/v2\/types\/page"}],"author":[{"embeddable":true,"href":"https:\/\/www.hotel-tirolerhof.bz.it\/de\/wp-json\/wp\/v2\/users\/1"}],"replies":[{"embeddable":true,"href":"https:\/\/www.hotel-tirolerhof.bz.it\/de\/wp-json\/wp\/v2\/comments?post=7412"}],"version-history":[{"count":0,"href":"https:\/\/www.hotel-tirolerhof.bz.it\/de\/wp-json\/wp\/v2\/pages\/7412\/revisions"}],"wp:attachment":[{"href":"https:\/\/www.hotel-tirolerhof.bz.it\/de\/wp-json\/wp\/v2\/media?parent=7412"}],"curies":[{"name":"wp","href":"https:\/\/api.w.org\/{rel}","templated":true}]}}